{"id":19,"date":"2019-04-01T07:15:16","date_gmt":"2019-04-01T07:15:16","guid":{"rendered":"http:\/\/avantage.bold-themes.com\/hr\/?page_id=19"},"modified":"2023-01-20T15:29:22","modified_gmt":"2023-01-20T12:29:22","slug":"about-us","status":"publish","type":"page","link":"https:\/\/www.calisaninnabzi.com\/?page_id=19","title":{"rendered":"Hakk\u0131m\u0131zda"},"content":{"rendered":"<section id=\"bt_bb_section69e0e2399edec\" class=\"bt_bb_section bt_bb_layout_boxed_1200 bt_bb_vertical_align_top bt_bb_bottom_section_coverage_image bt_bb_section_with_bottom_coverage_image bt_bb_top_spacing_extra_large bt_bb_bottom_spacing_large bt_bb_section_allow_content_outside\" style=\";background-color:#f1f1f2;\" data-bt-override-class=\"null\"><div class=\"bt_bb_port\"><div class=\"bt_bb_cell\"><div class=\"bt_bb_cell_inner\"><div class=\"bt_bb_row_wrapper\"><div  class=\"bt_bb_row\"  data-bt-override-class=\"{}\"><div  class=\"bt_bb_column col-xl-7 bt_bb_align_left bt_bb_vertical_align_top bt_bb_animation_fade_in animate bt_bb_padding_normal bt_bb_animation_fade_in animate\"  data-width=\"7\" data-bt-override-class=\"{}\"><div class=\"bt_bb_column_content\"><header class=\"bt_bb_headline bt_bb_dash_none bt_bb_superheadline bt_bb_superheadline_outside bt_bb_size_large bt_bb_align_inherit\" data-bt-override-class=\"{&quot;bt_bb_size_&quot;:{&quot;current_class&quot;:&quot;bt_bb_size_large&quot;,&quot;xxl&quot;:&quot;large&quot;,&quot;xl&quot;:&quot;large&quot;},&quot;bt_bb_align_&quot;:{&quot;current_class&quot;:&quot;bt_bb_align_inherit&quot;,&quot;xxl&quot;:&quot;inherit&quot;,&quot;xl&quot;:&quot;inherit&quot;}}\"><div class=\"bt_bb_headline_superheadline_outside\"><span class=\"bt_bb_headline_superheadline\">\u00c7ALI\u015eANIN NABZI<\/span><\/div><h2 class=\"bt_bb_headline_tag\"><span class=\"bt_bb_headline_content\"><span><b>Hedefimiz:<\/b><br \/>\r\n<u>Etkin \u00c7al\u0131\u015fan Performans\u0131<\/u><\/span><\/span><\/h2><\/header><div class=\"bt_bb_separator bt_bb_border_style_none bt_bb_bottom_spacing_normal\" data-bt-override-class=\"null\"><\/div><\/div><\/div><div  class=\"bt_bb_column col-xl-5 bt_bb_align_left bt_bb_vertical_align_top bt_bb_padding_normal\"  data-width=\"5\" data-bt-override-class=\"{}\"><div class=\"bt_bb_column_content\"><\/div><\/div><\/div><\/div><div class=\"bt_bb_row_wrapper\"><div  class=\"bt_bb_row\"  data-bt-override-class=\"{}\"><div  class=\"bt_bb_column col-xl-4 bt_bb_align_left bt_bb_vertical_align_top bt_bb_animation_fade_in zoom_out animate bt_bb_padding_normal bt_bb_animation_fade_in bt_bb_animation_zoom_out animate\"  data-width=\"4\" data-bt-override-class=\"{}\"><div class=\"bt_bb_column_content\"><div  class=\"bt_bb_text\" ><p>\u00c7al\u0131\u015fan\u0131n nabz\u0131 platformu, \u00e7al\u0131\u015fanlar ve kurulu\u015flar aras\u0131nda bir ba\u011f kurarak daha h\u0131zl\u0131 ve daha iyi bir ileti\u015fim kurmalar\u0131n\u0131, \u00e7al\u0131\u015fanlar\u0131n i\u015fyerleri hakk\u0131ndaki d\u00fc\u015f\u00fcncelerini ve \u00e7al\u0131\u015fma \u015fartlar\u0131ndan beklentilerini \u00f6\u011frenebilece\u011finiz kusursuz bir platformdur.<\/p>\n<p>Platformumuzda tamamen size \u00f6zel haz\u0131rlanan anket\/ara\u015ft\u0131rma uygulamas\u0131 mevcut olup, kullan\u0131m\u0131 son derece kolay ve olduk\u00e7a esnek paneli ile sonu\u00e7lar\u0131n analizi a\u015famas\u0131nda say\u0131sal veri kar\u015f\u0131la\u015ft\u0131rmalar\u0131 yap\u0131lmakta, ak\u0131ll\u0131 etkile\u015fimli \u00e7ok say\u0131da raporlama ile bu sonu\u00e7lara entegre eylem planlar\u0131 sunulmaktad\u0131r.<\/p>\n<\/div><div class=\"bt_bb_separator bt_bb_border_style_none bt_bb_bottom_spacing_normal bt_bb_hidden_md bt_bb_hidden_lg\" data-bt-override-class=\"null\"><\/div><\/div><\/div><div  class=\"bt_bb_column col-xl-4 bt_bb_align_left bt_bb_vertical_align_top bt_bb_animation_fade_in zoom_out animate bt_bb_padding_normal bt_bb_animation_fade_in bt_bb_animation_zoom_out animate\"  data-width=\"4\" data-bt-override-class=\"{}\"><div class=\"bt_bb_column_content\"><div  class=\"bt_bb_text\" ><p>Size \u00f6zel olarak haz\u0131rlad\u0131\u011f\u0131m\u0131z anketleme ve raporlama sistem\u0130, kurulu\u015flara \u00f6zel \u00fcretti\u011fimiz \u00e7\u00f6z\u00fcmler ile butik anket uygulamalar\u0131m\u0131z, online ve mobil teknoloji kombinasyonumuz, sonu\u00e7 odakl\u0131 yakla\u015f\u0131mlar\u0131m\u0131z sayesinde k\u0131sa s\u00fcrece verimlili\u011finizin artt\u0131\u011f\u0131n\u0131 g\u00f6receksiniz.<\/p>\n<p>Ara\u015ft\u0131rma s\u00fcreci boyunca ileti\u015fim deste\u011fi, geli\u015fim alanlar\u0131n\u0131n detayl\u0131 analizi aksiyon planlar\u0131n\u0131n haz\u0131rlanmas\u0131, ara\u015ft\u0131rma sonras\u0131nda ise s\u00fcrecin izlenmesi ve teknik servis konusunda profesyonelle\u015fmi\u015f yaz\u0131l\u0131mc\u0131lar\u0131m\u0131z sayesinde istek ve talepleriniz k\u0131sa s\u00fcrede sonu\u00e7 bulacakt\u0131r.<\/p>\n<\/div><div class=\"bt_bb_separator bt_bb_border_style_none bt_bb_bottom_spacing_small bt_bb_hidden_md bt_bb_hidden_lg\" data-bt-override-class=\"null\"><\/div><\/div><\/div><div  class=\"bt_bb_column col-xl-4 bt_bb_align_left bt_bb_vertical_align_top bt_bb_animation_fade_in zoom_out animate bt_bb_padding_normal bt_bb_animation_fade_in bt_bb_animation_zoom_out animate\"  data-width=\"4\" data-bt-override-class=\"{}\"><div class=\"bt_bb_column_content\"><div  class=\"bt_bb_text\" ><div>Yenilik\u00e7i \u00e7\u00f6z\u00fcmleri ile m\u00fc\u015fterilerimizin kurumsal geli\u015fimi ve s\u00fcrd\u00fcr\u00fclebilirli\u011finin sa\u011flanmas\u0131nda \u00fclkemizde ve b\u00f6lgemizde tercih edilen bir dan\u0131\u015fmanl\u0131k \u015firketi olarak de\u011fer yaratmaktay\u0131z. Kurulu\u015flar\u0131n y\u00f6netim geli\u015ftirme temelli ihtiya\u00e7lar\u0131na; bilgi, beceri, y\u00f6ntem ve deneyimlerimizle \u00f6zg\u00fcn \u00e7\u00f6z\u00fcmler sunarak ve rekabet ba\u015far\u0131s\u0131nda \u00e7al\u0131\u015fan ve firma aras\u0131nda g\u00fc\u00e7l\u00fc bir\u00a0 k\u00f6pr\u00fc olmakt\u0131r.<\/div>\n<div><\/div>\n<div><\/div>\n<\/div><div class=\"bt_bb_separator bt_bb_border_style_none bt_bb_bottom_spacing_normal\" data-bt-override-class=\"null\"><\/div><div class=\"bt_bb_image bt_bb_shape_hard-rounded bt_bb_target_self bt_bb_align_inherit bt_bb_hover_style_simple bt_bb_content_display_always bt_bb_content_align_middle bt_bb_fill_background_color_full\" data-bt-override-class=\"{&quot;bt_bb_align_&quot;:{&quot;current_class&quot;:&quot;bt_bb_align_inherit&quot;,&quot;xxl&quot;:&quot;inherit&quot;,&quot;xl&quot;:&quot;inherit&quot;}}\"><span><img width=\"533\" height=\"497\" src=\"https:\/\/www.calisaninnabzi.com\/wp-content\/uploads\/2021\/07\/h2-about1.png\" class=\"attachment-boldthemes_large_square size-boldthemes_large_square\" alt=\"https:\/\/www.calisaninnabzi.com\/wp-content\/uploads\/2021\/07\/h2-about1.png\" loading=\"lazy\" data-full_image_src=\"https:\/\/www.calisaninnabzi.com\/wp-content\/uploads\/2021\/07\/h2-about1.png\" title=\"h2-about1\" srcset=\"https:\/\/www.calisaninnabzi.com\/wp-content\/uploads\/2021\/07\/h2-about1.png 533w, https:\/\/www.calisaninnabzi.com\/wp-content\/uploads\/2021\/07\/h2-about1-320x298.png 320w\" sizes=\"(max-width: 533px) 100vw, 533px\" \/><\/span><\/div><\/div><\/div><\/div><\/div><\/div><!-- cell_inner --><\/div><!-- cell --><\/div><!-- port --><div class=\"bt_bb_section_bottom_section_coverage_image\"><img src=\"https:\/\/www.calisaninnabzi.com\/wp-content\/uploads\/2019\/04\/bgn-newsletter-curve-2.png\" alt=\"bt_bb_section_bottom_section_coverage_image\" \/><\/div><\/section>","protected":false},"excerpt":{"rendered":"<p>\u00c7al\u0131\u015fan\u0131n nabz\u0131 platformu, \u00e7al\u0131\u015fanlar ve kurulu\u015flar aras\u0131nda bir ba\u011f kurarak daha h\u0131zl\u0131 ve daha iyi bir ileti\u015fim kurmalar\u0131n\u0131, \u00e7al\u0131\u015fanlar\u0131n i\u015fyerleri hakk\u0131ndaki d\u00fc\u015f\u00fcncelerini ve \u00e7al\u0131\u015fma \u015fartlar\u0131ndan beklentilerini \u00f6\u011frenebilece\u011finiz kusursuz bir platformdur.<\/p>\n","protected":false},"author":2,"featured_media":0,"parent":0,"menu_order":0,"comment_status":"closed","ping_status":"closed","template":"","meta":[],"_links":{"self":[{"href":"https:\/\/www.calisaninnabzi.com\/index.php?rest_route=\/wp\/v2\/pages\/19"}],"collection":[{"href":"https:\/\/www.calisaninnabzi.com\/index.php?rest_route=\/wp\/v2\/pages"}],"about":[{"href":"https:\/\/www.calisaninnabzi.com\/index.php?rest_route=\/wp\/v2\/types\/page"}],"author":[{"embeddable":true,"href":"https:\/\/www.calisaninnabzi.com\/index.php?rest_route=\/wp\/v2\/users\/2"}],"replies":[{"embeddable":true,"href":"https:\/\/www.calisaninnabzi.com\/index.php?rest_route=%2Fwp%2Fv2%2Fcomments&post=19"}],"version-history":[{"count":17,"href":"https:\/\/www.calisaninnabzi.com\/index.php?rest_route=\/wp\/v2\/pages\/19\/revisions"}],"predecessor-version":[{"id":2455,"href":"https:\/\/www.calisaninnabzi.com\/index.php?rest_route=\/wp\/v2\/pages\/19\/revisions\/2455"}],"wp:attachment":[{"href":"https:\/\/www.calisaninnabzi.com\/index.php?rest_route=%2Fwp%2Fv2%2Fmedia&parent=19"}],"curies":[{"name":"wp","href":"https:\/\/api.w.org\/{rel}","templated":true}]}}