{"id":87,"date":"2019-04-01T07:24:55","date_gmt":"2019-04-01T07:24:55","guid":{"rendered":"http:\/\/avantage.bold-themes.com\/hr\/?page_id=87"},"modified":"2021-07-29T08:14:04","modified_gmt":"2021-07-29T05:14:04","slug":"services","status":"publish","type":"page","link":"https:\/\/www.calisaninnabzi.com\/?page_id=87","title":{"rendered":"Hizmetlerimiz"},"content":{"rendered":"<section id=\"bt_bb_section69e0f9dc93435\" class=\"bt_bb_section bt_bb_layout_boxed_1200 bt_bb_vertical_align_top bt_bb_top_spacing_large bt_bb_bottom_spacing_medium\" style=\"background-position:center;background-size:contain;\" data-bt-override-class=\"null\"><div class=\"bt_bb_background_image_holder_wrapper\"><div class=\"bt_bb_background_image_holder btLazyLoadBackground\"  data-background_image_src=\"https:\/\/www.calisaninnabzi.com\/wp-content\/uploads\/2019\/04\/bgn-lines.png\" data-parallax-zoom-start=\"1\" data-parallax-zoom-end=\"1\" data-parallax-blur-start=\"0\" data-parallax-blur-end=\"0\" data-parallax-opacity-start=\"1\" data-parallax-opacity-end=\"1\" style=\" background-image: url(&#039;https:\/\/www.calisaninnabzi.com\/wp-content\/plugins\/bold-page-builder\/img\/blank.gif&#039;);\"><\/div><\/div><div class=\"bt_bb_port\"><div class=\"bt_bb_cell\"><div class=\"bt_bb_cell_inner\"><div class=\"bt_bb_row_wrapper\"><div  class=\"bt_bb_row\"  data-bt-override-class=\"{}\"><div  class=\"bt_bb_column col-xl-6 bt_bb_align_left bt_bb_vertical_align_top bt_bb_animation_fade_in zoom_out animate bt_bb_padding_normal bt_bb_animation_fade_in bt_bb_animation_zoom_out animate\"  data-width=\"6\" data-bt-override-class=\"{}\"><div class=\"bt_bb_column_content\"><header class=\"bt_bb_headline bt_bb_dash_none bt_bb_superheadline bt_bb_superheadline_outside bt_bb_size_large bt_bb_align_inherit\" data-bt-override-class=\"{&quot;bt_bb_size_&quot;:{&quot;current_class&quot;:&quot;bt_bb_size_large&quot;,&quot;xxl&quot;:&quot;large&quot;,&quot;xl&quot;:&quot;large&quot;},&quot;bt_bb_align_&quot;:{&quot;current_class&quot;:&quot;bt_bb_align_inherit&quot;,&quot;xxl&quot;:&quot;inherit&quot;,&quot;xl&quot;:&quot;inherit&quot;}}\"><div class=\"bt_bb_headline_superheadline_outside\"><span class=\"bt_bb_headline_superheadline\">\u00c7ALI\u015eANIN NABZI<\/span><\/div><h2 class=\"bt_bb_headline_tag\"><span class=\"bt_bb_headline_content\"><span><b>PROFESOYNEL<\/b><br \/>\r\n<u>Hizmetlerimiz<\/u><\/span><\/span><\/h2><\/header><div class=\"bt_bb_separator bt_bb_border_style_none bt_bb_bottom_spacing_medium\" data-bt-override-class=\"null\"><\/div><\/div><\/div><div  class=\"bt_bb_column col-xl-6 bt_bb_align_left bt_bb_vertical_align_top bt_bb_animation_fade_in zoom_out animate bt_bb_padding_normal bt_bb_animation_fade_in bt_bb_animation_zoom_out animate\"  data-width=\"6\" data-bt-override-class=\"{}\"><div class=\"bt_bb_column_content\"><\/div><\/div><\/div><\/div><div class=\"bt_bb_row_wrapper\"><div  class=\"bt_bb_row bt_bb_column_gap_15\"  data-bt-override-class=\"{}\"><div  class=\"bt_bb_column col-xl-4 bt_bb_align_left bt_bb_vertical_align_top bt_bb_animation_fade_in move_up animate bt_bb_padding_normal bt_bb_animation_fade_in bt_bb_animation_move_up animate\"  data-width=\"4\" data-bt-override-class=\"{}\"><div class=\"bt_bb_column_content\"><div class=\"bt_bb_price_list bt_bb_color_scheme_9\" style=\";background-color:#f1f1f2;; --price-list-primary-color:#191919; --price-list-secondary-color:#323743;\"><div class=\"bt_bb_icon bt_bb_style_filled bt_bb_size_large bt_bb_shape_circle\" data-bt-override-class=\"null\"><span  data-ico-teamwork=\"&#xe923;\" class=\"bt_bb_icon_holder\"><\/span><\/div><div class=\"bt_bb_price_list_title_subtitle_price\"><div class=\"bt_bb_price_list_title_wrap\"><div class=\"bt_bb_price_list_price\"><span class=\"bt_bb_price_list_currency\"><\/span><span class=\"bt_bb_price_list_amount\"><\/span><\/div><div class=\"bt_bb_price_list_title_subtitle\"><div class=\"bt_bb_price_list_subtitle\">\u00c7al\u0131\u015fan\u0131n Nabz\u0131 \u0130le...<\/div><div class=\"bt_bb_price_list_title\">Anketler D\u00fczenleyin<\/div><\/div><\/div><\/div><ul><li>\u00c7al\u0131\u015fanlar\u0131n\u0131z\u0131n Memnuniyet ve Ba\u011fl\u0131l\u0131\u011f\u0131n\u0131 s\u00fcrekli \u00f6l\u00e7\u00fcn. D\u00fcnyada yap\u0131lan b\u00fct\u00fcn ara\u015ft\u0131rmalar mutlu \u00e7al\u0131\u015fanlar\u0131n daha ba\u011fl\u0131, ba\u011fl\u0131 \u00e7al\u0131\u015fanlar\u0131n da daha verimli oldu\u011funu g\u00f6stermektedir. Bu sebeple g\u00fcn\u00fcm\u00fcz\u00fcn zorlu rekabet ortam\u0131nda kurumlar\u0131n ba\u015far\u0131s\u0131nda en ay\u0131rt edici kaynak olan \u00e7al\u0131\u015fanlar\u0131n ba\u011fl\u0131l\u0131\u011f\u0131n\u0131 geli\u015ftirmek kurumlar i\u00e7in ka\u00e7\u0131n\u0131lmaz ve devaml\u0131 olmas\u0131 gereken bir s\u00fcre\u00e7tir.\r<\/li><li>\r<\/li><li>Bu y\u00fczden belirli aral\u0131klarla \u00e7al\u0131\u015fanlar\u0131nla yapaca\u011f\u0131n\u0131z etkile\u015fimler daha verimli bir \u00e7al\u0131\u015fma ortam\u0131 yaratman\u0131z\u0131 sa\u011flayacakt\u0131r.<\/li><\/ul><\/div><div class=\"bt_bb_separator bt_bb_border_style_none bt_bb_top_spacing_extra_small bt_bb_bottom_spacing_small\" data-bt-override-class=\"null\"><\/div><div class=\"bt_bb_separator bt_bb_border_style_none bt_bb_bottom_spacing_normal bt_bb_hidden_md bt_bb_hidden_lg\" data-bt-override-class=\"null\"><\/div><\/div><\/div><div  class=\"bt_bb_column col-xl-4 bt_bb_align_left bt_bb_vertical_align_top bt_bb_animation_fade_in move_up animate bt_bb_padding_normal bt_bb_animation_fade_in bt_bb_animation_move_up animate\"  data-width=\"4\" data-bt-override-class=\"{}\"><div class=\"bt_bb_column_content\"><div class=\"bt_bb_price_list bt_bb_color_scheme_5\" style=\"box-shadow: 0 2px 20px rgba(0,0,0,.2);;background-color:#ffffff;; --price-list-primary-color:#191919; --price-list-secondary-color:#2153d1;\"><div class=\"bt_bb_icon bt_bb_style_filled bt_bb_size_large bt_bb_shape_circle\" data-bt-override-class=\"null\"><span  data-ico-teamwork=\"&#xe93b;\" class=\"bt_bb_icon_holder\"><\/span><\/div><div class=\"bt_bb_price_list_title_subtitle_price\"><div class=\"bt_bb_price_list_title_wrap\"><div class=\"bt_bb_price_list_price\"><span class=\"bt_bb_price_list_currency\"><\/span><span class=\"bt_bb_price_list_amount\"><\/span><\/div><div class=\"bt_bb_price_list_title_subtitle\"><div class=\"bt_bb_price_list_subtitle\">\u00c7al\u0131\u015fan\u0131n Nabz\u0131 \u0130le ...<\/div><div class=\"bt_bb_price_list_title\">\u00d6neri ve \u0130stek Takip Edin<\/div><\/div><\/div><\/div><ul><li>\u00c7al\u0131\u015fan ba\u011fl\u0131l\u0131\u011f\u0131 boyutunu \u00f6l\u00e7mek; \u00e7al\u0131\u015fan\u0131n, \u00e7al\u0131\u015fma ya\u015fam\u0131n\u0131 g\u00f6rev yapt\u0131\u011f\u0131 kurumunda s\u00fcrd\u00fcrme iste\u011fini ve ne kadar\u0131n\u0131n kurumunuzun ba\u015far\u0131s\u0131na katk\u0131da bulunmak i\u00e7in heyecan duydu\u011funu g\u00f6sterir.\r<\/li><li>\r<\/li><li>\u00c7al\u0131\u015fan ba\u011fl\u0131l\u0131\u011f\u0131 sonu\u00e7lar\u0131 ile kurumunuzda insan kayna\u011f\u0131n\u0131 y\u00f6netirken \u00f6neri ve istekler do\u011frultusunda g\u00fcncellemeler yapabilir bu sayede daha ba\u011fl\u0131 \u00e7al\u0131\u015fanlar yaratmak i\u00e7in yeni i\u015f yapma modelleri geli\u015ftirebilirsiniz.\r\n<\/li><\/ul><\/div><div class=\"bt_bb_separator bt_bb_border_style_none bt_bb_top_spacing_extra_small bt_bb_bottom_spacing_small\" data-bt-override-class=\"null\"><\/div><div class=\"bt_bb_separator bt_bb_border_style_none bt_bb_bottom_spacing_small bt_bb_hidden_md bt_bb_hidden_lg\" data-bt-override-class=\"null\"><\/div><\/div><\/div><div  class=\"bt_bb_column col-xl-4 bt_bb_align_left bt_bb_vertical_align_top bt_bb_animation_fade_in move_up animate bt_bb_padding_normal bt_bb_animation_fade_in bt_bb_animation_move_up animate\"  data-width=\"4\" data-bt-override-class=\"{}\"><div class=\"bt_bb_column_content\"><div class=\"bt_bb_price_list bt_bb_color_scheme_9\" style=\";background-color:#f1f1f2;; --price-list-primary-color:#191919; --price-list-secondary-color:#323743;\"><div class=\"bt_bb_icon bt_bb_style_filled bt_bb_size_large bt_bb_shape_circle\" data-bt-override-class=\"null\"><span  data-ico-teamwork=\"&#xe922;\" class=\"bt_bb_icon_holder\"><\/span><\/div><div class=\"bt_bb_price_list_title_subtitle_price\"><div class=\"bt_bb_price_list_title_wrap\"><div class=\"bt_bb_price_list_price\"><span class=\"bt_bb_price_list_currency\"><\/span><span class=\"bt_bb_price_list_amount\"><\/span><\/div><div class=\"bt_bb_price_list_title_subtitle\"><div class=\"bt_bb_price_list_subtitle\">\u00c7al\u0131\u015fan\u0131n Nabz\u0131 \u0130le ...<\/div><div class=\"bt_bb_price_list_title\">\u015eikayetlerini Dinleyin<\/div><\/div><\/div><\/div><ul><li>\u00c7al\u0131\u015fan memnuniyetini \u00f6l\u00e7erek elde etti\u011finiz sonu\u00e7lar ile kurumunuzda insan kayna\u011f\u0131n\u0131 y\u00f6netirken haz\u0131rlad\u0131\u011f\u0131n\u0131z i\u015f ortam\u0131nda \u00e7al\u0131\u015fanlar\u0131n daha verimli olabilmeleri i\u00e7in g\u00fc\u00e7l\u00fc ve geli\u015fime a\u00e7\u0131k oldu\u011funuz alanlar\u0131 g\u00f6rebilir ve daha mutlu \u00e7al\u0131\u015fanlar yaratmak i\u00e7in i\u015f s\u00fcre\u00e7lerinizde gerekli iyile\u015ftirmeleri yapabilirsiniz.\r<\/li><li>\r<\/li><li>\u00c7al\u0131\u015fanlar\u0131n\u0131z\u0131 kendi aralar\u0131nda, \u00fcstleri ile ve \u015firket politikalar\u0131yla ilgili g\u00f6r\u00fc\u015f ve \u00f6nerilerini, \u015fikayetlerini belirleyerek daha verimli \u00e7al\u0131\u015fma ortam\u0131 olu\u015fturmak a\u00e7\u0131s\u0131nda size y\u00f6n verecektir.<\/li><\/ul><\/div><div class=\"bt_bb_separator bt_bb_border_style_none bt_bb_top_spacing_extra_small bt_bb_bottom_spacing_small\" data-bt-override-class=\"null\"><\/div><\/div><\/div><\/div><\/div><\/div><!-- cell_inner --><\/div><!-- cell --><\/div><!-- port --><\/section>","protected":false},"excerpt":{"rendered":"<p>Quickly aggregate B2B users and worldwide potentialities. Progressively plagiarize resource-leveling e-commerce through resource-leveling core competencies. Dramatically mesh low-risk high-yield alignments before transparent e-tailers.<\/p>\n","protected":false},"author":2,"featured_media":0,"parent":0,"menu_order":0,"comment_status":"closed","ping_status":"closed","template":"","meta":[],"_links":{"self":[{"href":"https:\/\/www.calisaninnabzi.com\/index.php?rest_route=\/wp\/v2\/pages\/87"}],"collection":[{"href":"https:\/\/www.calisaninnabzi.com\/index.php?rest_route=\/wp\/v2\/pages"}],"about":[{"href":"https:\/\/www.calisaninnabzi.com\/index.php?rest_route=\/wp\/v2\/types\/page"}],"author":[{"embeddable":true,"href":"https:\/\/www.calisaninnabzi.com\/index.php?rest_route=\/wp\/v2\/users\/2"}],"replies":[{"embeddable":true,"href":"https:\/\/www.calisaninnabzi.com\/index.php?rest_route=%2Fwp%2Fv2%2Fcomments&post=87"}],"version-history":[{"count":17,"href":"https:\/\/www.calisaninnabzi.com\/index.php?rest_route=\/wp\/v2\/pages\/87\/revisions"}],"predecessor-version":[{"id":2380,"href":"https:\/\/www.calisaninnabzi.com\/index.php?rest_route=\/wp\/v2\/pages\/87\/revisions\/2380"}],"wp:attachment":[{"href":"https:\/\/www.calisaninnabzi.com\/index.php?rest_route=%2Fwp%2Fv2%2Fmedia&parent=87"}],"curies":[{"name":"wp","href":"https:\/\/api.w.org\/{rel}","templated":true}]}}